{"id":587,"date":"2026-04-17T13:23:09","date_gmt":"2026-04-17T11:23:09","guid":{"rendered":"https:\/\/bridgescout.com\/?page_id=587"},"modified":"2026-04-17T13:30:31","modified_gmt":"2026-04-17T11:30:31","slug":"disclaimer","status":"publish","type":"page","link":"https:\/\/bridgescout.com\/de\/disclaimer\/","title":{"rendered":"Haftungsausschluss"},"content":{"rendered":"<div style=\"height:100px\" aria-hidden=\"true\" class=\"wp-block-spacer\"><\/div>\n\n\n\n<p>Obwohl Bridgescout\u00ae mit gr\u00f6\u00dfter Sorgfalt und nach dem neuesten Stand der Technik und Informatik entwickelt und hergestellt wird, bleibt die menschliche Aufmerksamkeit und das Fachwissen beim \u00dcberqueren von Br\u00fccken unerl\u00e4sslich.<\/p>\n\n\n\n<p>Bridgescout\u00ae ist ein Hilfsmittel und keine Garantie zur Vermeidung von Kollisionen. Bridgescout\u00ae misst in Vorw\u00e4rtsrichtung von der eigenen Position aus die Distanz und H\u00f6he jedes Objekts, das in der Datenbank aufgenommen wurde. Bridgescout\u00ae warnt, wenn die Br\u00fccke niedriger ist als die H\u00f6he des Bridgescout\u00ae-Systems. Das System warnt nicht, wenn das Schiff r\u00fcckw\u00e4rts fahrend ein Hindernis anf\u00e4hrt. Mit Objekten auf dem Schiff oberhalb der Position von Bridgescout\u00ae (zum Beispiel Mast oder Antenne) und mit der L\u00e4nge des Schiffes h\u00e4lt das System keine Rechnung.<\/p>\n\n\n\n<p>Die Funktionsweise von Bridgescout\u00ae kann durch schlechte Sicht, Wetterbedingungen, Temperatur, Hindernisse in der Messlinie zwischen dem Bridgescout\u00ae-System und einer Br\u00fccke, fehlerhafte Installation, mangelhafte Wartung, Besch\u00e4digung\/Defekt oder Verschmutzung oder Kondensation des Glases nachteilig beeinflusst werden.<\/p>\n\n\n\n<p>Wir bem\u00fchen uns, unsere Objektdatenbank auf dem neuesten Stand zu halten. Allerdings sind wir dabei auch auf Ihre Informationen als Wasserstra\u00dfenbenutzer angewiesen. \u00dcberpr\u00fcfen Sie regelm\u00e4\u00dfig das System, indem Sie es mit besonderer Aufmerksamkeit einen Alarm ausl\u00f6sen lassen.<\/p>\n\n\n\n<p>Haben Sie Fragen zur Nutzung oder zweifeln Sie an einer Situation an Bord? Kontaktieren Sie uns gerne: rufen Sie an <a href=\"mailto:+31%20(0)73%20-%202200454\">+31 (0)73 \u2013 2200454<\/a> von E-Mail zu <a href=\"mailto:info@sensormaritime.com\">info@sensormaritime.com<\/a>. Wir denken gerne mit Ihnen mit.<\/p>\n\n\n\n<div class=\"wp-block-buttons is-layout-flex wp-block-buttons-is-layout-flex\">\n<div class=\"wp-block-button\"><a class=\"wp-block-button__link wp-element-button\" href=\"https:\/\/bridgescout.com\/wp-content\/uploads\/2026\/04\/Terms-and-conditions-Bridgescout-uitgebreid.pdf\">Vollst\u00e4ndige Haftungsausschluss herunterladen<\/a><\/div>\n<\/div>\n\n\n\n<div style=\"height:100px\" aria-hidden=\"true\" class=\"wp-block-spacer\"><\/div>","protected":false},"excerpt":{"rendered":"<p>Hoewel Bridgescout\u00ae is ontwikkeld en geproduceerd met de grootste zorgvuldigheid en volgens de laatste stand van techniek en informatica, blijft menselijke aandacht [&hellip;]<\/p>\n","protected":false},"author":1,"featured_media":0,"parent":0,"menu_order":0,"comment_status":"closed","ping_status":"closed","template":"","meta":{"_acf_changed":false,"footnotes":""},"class_list":["post-587","page","type-page","status-publish","hentry"],"acf":[],"_links":{"self":[{"href":"https:\/\/bridgescout.com\/de\/wp-json\/wp\/v2\/pages\/587","targetHints":{"allow":["GET"]}}],"collection":[{"href":"https:\/\/bridgescout.com\/de\/wp-json\/wp\/v2\/pages"}],"about":[{"href":"https:\/\/bridgescout.com\/de\/wp-json\/wp\/v2\/types\/page"}],"author":[{"embeddable":true,"href":"https:\/\/bridgescout.com\/de\/wp-json\/wp\/v2\/users\/1"}],"replies":[{"embeddable":true,"href":"https:\/\/bridgescout.com\/de\/wp-json\/wp\/v2\/comments?post=587"}],"version-history":[{"count":7,"href":"https:\/\/bridgescout.com\/de\/wp-json\/wp\/v2\/pages\/587\/revisions"}],"predecessor-version":[{"id":600,"href":"https:\/\/bridgescout.com\/de\/wp-json\/wp\/v2\/pages\/587\/revisions\/600"}],"wp:attachment":[{"href":"https:\/\/bridgescout.com\/de\/wp-json\/wp\/v2\/media?parent=587"}],"curies":[{"name":"wp","href":"https:\/\/api.w.org\/{rel}","templated":true}]}}