{"id":3,"date":"2025-07-16T10:12:09","date_gmt":"2025-07-16T10:12:09","guid":{"rendered":"https:\/\/bridgescout.com\/?page_id=3"},"modified":"2026-04-17T13:31:47","modified_gmt":"2026-04-17T11:31:47","slug":"privacy-policy","status":"publish","type":"page","link":"https:\/\/bridgescout.com\/de\/privacy-policy\/","title":{"rendered":"Datenschutzrichtlinie"},"content":{"rendered":"<div style=\"height:100px\" aria-hidden=\"true\" class=\"wp-block-spacer\"><\/div>\n\n\n\n<h2 class=\"wp-block-heading\">Datenschutzrichtlinie Sensor Maritime<\/h2>\n\n\n\n<p>Sensor Maritime B.V., ans\u00e4ssig in der Nieuwe Linie 9, 5146 PJ Vught, ist f\u00fcr die Verarbeitung personenbezogener Daten wie in dieser Datenschutzerkl\u00e4rung beschrieben verantwortlich.<\/p>\n\n\n\n<p><strong>Kontaktinformationen:<\/strong><br>Neue Linie 9<br>5146 PJ Vught<br>Telefon: 073 220 0454<br>Provinz: Noord-Brabant<br>Webseite&nbsp;<a href=\"http:\/\/www.sensormaritime.com\/\" target=\"_blank\" rel=\"noopener\">www.sensormaritim.de<\/a><br>E-Mail&nbsp;<a>info@sensormaritime.com<\/a><\/p>\n\n\n\n<p><strong>Personenbezogene Daten, die wir verarbeiten<\/strong><br>Sensor Maritime verarbeitet Ihre personenbezogenen Daten, weil Sie unsere Dienste nutzen und\/oder weil Sie uns diese Daten zur Verf\u00fcgung gestellt haben. Nachfolgend finden Sie einen \u00dcberblick \u00fcber die personenbezogenen Daten, die wir verarbeiten:<\/p>\n\n\n\n<ul class=\"wp-block-list\">\n<li>Vorname Nachname<\/li>\n\n\n\n<li>Firmenname und Berufsbezeichnung<\/li>\n\n\n\n<li>Adresse<\/li>\n\n\n\n<li>Telefonnummer<\/li>\n\n\n\n<li>E-Mail-Adresse<\/li>\n\n\n\n<li>IP-Adresse<\/li>\n\n\n\n<li>Internetbrowser und Ger\u00e4tetyp<\/li>\n\n\n\n<li>Daten \u00fcber Ihre Aktivit\u00e4ten auf unserer Website<\/li>\n<\/ul>\n\n\n\n<p><strong>Besondere und\/oder sensible personenbezogene Daten, die wir verarbeiten<\/strong><br>Unsere Website und Dienste beabsichtigen nicht, Daten \u00fcber Besucher unter 16 Jahren zu sammeln, es sei denn, sie haben die Erlaubnis eines Elternteils oder Erziehungsberechtigten. Wir k\u00f6nnen jedoch nicht \u00fcberpr\u00fcfen, ob ein Besucher \u00fcber 16 Jahre alt ist. Wir empfehlen daher, dass Eltern sich an den Online-Aktivit\u00e4ten ihrer Kinder beteiligen, um die Erfassung von Daten ohne elterliche Zustimmung zu verhindern.<\/p>\n\n\n\n<p><strong>Zu welchem Zweck und auf welcher Grundlage verarbeiten wir personenbezogene Daten?<\/strong><br>Sensor Maritime verarbeitet Ihre personenbezogenen Daten zu folgenden Zwecken:<\/p>\n\n\n\n<ul class=\"wp-block-list\">\n<li>Um Ihre Anfrage oder Ihr Anliegen zu bearbeiten<\/li>\n\n\n\n<li>Um unseren Newsletter und\/oder Werbe-E-Mails zu versenden<\/li>\n\n\n\n<li>Um Sie bei Bedarf telefonisch oder per E-Mail zu kontaktieren, um unsere Dienstleistungen zu erbringen<\/li>\n\n\n\n<li>Um Sie \u00fcber \u00c4nderungen an unseren Dienstleistungen und Produkten zu informieren<\/li>\n\n\n\n<li>Um Ihr Verhalten auf unserer Website zu analysieren, um die Website zu verbessern und die Produkt- und Dienstleistungsangebote auf Ihre Vorlieben zuzuschneiden<\/li>\n\n\n\n<li>Um gesetzlichen Verpflichtungen nachzukommen<\/li>\n<\/ul>\n\n\n\n<p><strong>Automatisierte Entscheidungsfindung<\/strong><br>Sensor Maritime trifft keine Entscheidungen, die ausschlie\u00dflich auf einer automatisierten Verarbeitung (Algorithmen) beruhen und erhebliche Folgen f\u00fcr Einzelpersonen haben k\u00f6nnten.<\/p>\n\n\n\n<p><strong>Wie lange wir pers\u00f6nliche Daten aufbewahren<\/strong><br>Sensor Maritime beh\u00e4lt Ihre pers\u00f6nlichen Daten nicht l\u00e4nger als unbedingt erforderlich f\u00fcr die Zwecke, f\u00fcr die Ihre Daten erhoben werden. Wir wenden folgende Aufbewahrungsfristen f\u00fcr folgende (Kategorien von) pers\u00f6nlichen Daten an:<\/p>\n\n\n\n<ul class=\"wp-block-list\">\n<li>Personenbezogene Daten (z. B. Name, Kontaktinformationen): Aufbewahrungsfrist so lange wie f\u00fcr die Leistungserbringung erforderlich oder bis Sie die L\u00f6schung beantragen.<\/li>\n\n\n\n<li>Daten \u00fcber Ihre Aktivit\u00e4ten auf der Webseite: Bis zu 2 Jahre nach dem letzten Besuch.<\/li>\n<\/ul>\n\n\n\n<p><strong>Teilen pers\u00f6nlicher Daten mit Dritten<\/strong><br>Sensor Maritime gibt Ihre personenbezogenen Daten an verschiedene Dritte weiter, wenn dies f\u00fcr die Abwicklung des Vertrages und zur Erf\u00fcllung rechtlicher Verpflichtungen erforderlich ist. Wir schlie\u00dfen mit Unternehmen, die Ihre Daten in unserem Auftrag verarbeiten, eine Datenverarbeitungsvereinbarung ab, um das gleiche Ma\u00df an Sicherheit und Vertraulichkeit Ihrer Daten zu gew\u00e4hrleisten. Sensor Maritime bleibt f\u00fcr diese Prozesse verantwortlich.<\/p>\n\n\n\n<p><strong>Cookies oder \u00e4hnliche Technologien, die wir verwenden<\/strong><br>Sensor Maritime verwendet funktionale, analytische und Tracking-Cookies. Ein Cookie ist eine kleine Textdatei, die bei Ihrem ersten Besuch auf dieser Website im Browser Ihres Computers, Tablets oder Smartphones gespeichert wird. Sensor Maritime verwendet Cookies mit rein technischer Funktionalit\u00e4t. Diese stellen sicher, dass die Website ordnungsgem\u00e4\u00df funktioniert und merken sich zum Beispiel Ihre Einstellungen. Wir platzieren auch Cookies, die Ihr Surfverhalten verfolgen, damit wir Ihnen ma\u00dfgeschneiderte Inhalte und Werbung anbieten k\u00f6nnen.<\/p>\n\n\n\n<p>Bei Ihrem ersten Besuch auf unserer Website haben wir Sie \u00fcber diese Cookies informiert und um Ihre Zustimmung zur Platzierung gebeten. Sie k\u00f6nnen Cookies ablehnen, indem Sie die Einstellungen Ihres Internetbrowsers so anpassen, dass dieser keine Cookies mehr speichert. Dar\u00fcber hinaus k\u00f6nnen Sie alle zuvor gespeicherten Informationen \u00fcber Ihre Browsereinstellungen l\u00f6schen.<\/p>\n\n\n\n<p><strong>Zugriff auf, \u00c4nderung oder L\u00f6schung Ihrer Daten<\/strong><br>Sie haben das Recht, auf Ihre pers\u00f6nlichen Daten zuzugreifen, diese zu berichtigen oder zu l\u00f6schen. Dar\u00fcber hinaus haben Sie das Recht, Ihre Einwilligung zur Verarbeitung Ihrer Daten zu widerrufen oder der Verarbeitung Ihrer pers\u00f6nlichen Daten durch Sensor Maritime zu widersprechen. Sie haben auch das Recht auf Daten\u00fcbertragbarkeit. Das bedeutet, Sie k\u00f6nnen verlangen, dass wir die pers\u00f6nlichen Daten, die wir \u00fcber Sie haben, in einer Computerdatei an Sie oder eine von Ihnen angegebene andere Organisation senden.<\/p>\n\n\n\n<p>Sie k\u00f6nnen eine Anfrage auf Zugang, Berichtigung, L\u00f6schung oder \u00dcbertragung Ihrer personenbezogenen Daten, oder eine Anfrage auf Widerruf Ihrer Einwilligung oder Widerspruch gegen die Verarbeitung Ihrer personenbezogenen Daten an&nbsp;<a>info@sensormaritime.com<\/a>.<\/p>\n\n\n\n<p>Um zu verifizieren, dass die Zugangsanfrage von Ihnen gestellt wurde, bitten wir Sie, eine Kopie Ihres Ausweises beizuf\u00fcgen. Bitte schw\u00e4rzen Sie Ihr Foto, die MRZ (maschinenlesbare Zone, der Streifen mit Zahlen am unteren Rand des Reisepasses), die Passnummer und die B\u00fcrgerservicenummer (BSN) aus Datenschutzgr\u00fcnden. Wir werden Ihre Anfrage so bald wie m\u00f6glich, aber innerhalb von vier Wochen beantworten.<\/p>\n\n\n\n<p><strong>Wie wir pers\u00f6nliche Daten sichern<\/strong><br>Sensor Maritime nimmt den Schutz Ihrer Daten ernst und setzt angemessene Ma\u00dfnahmen ein, um Missbrauch, Verlust, unbefugten Zugriff, unerw\u00fcnschte Offenlegung und unbefugte \u00c4nderung zu verhindern. Wenn Sie der Meinung sind, dass Ihre Daten nicht ordnungsgem\u00e4\u00df gesichert sind oder Anzeichen von Missbrauch vorliegen, wenden Sie sich bitte an unseren Kundenservice unter&nbsp;<a>info@sensormaritime.com<\/a>.<\/p>\n\n\n\n<div style=\"height:100px\" aria-hidden=\"true\" class=\"wp-block-spacer\"><\/div>","protected":false},"excerpt":{"rendered":"<p>Privacy Policy Sensor Maritime Sensor Maritime B.V., located at Nieuwe Linie 9, 5146 PJ Vught, is responsible for the processing of personal [&hellip;]<\/p>\n","protected":false},"author":1,"featured_media":0,"parent":0,"menu_order":0,"comment_status":"closed","ping_status":"open","template":"","meta":{"_acf_changed":false,"footnotes":""},"class_list":["post-3","page","type-page","status-publish","hentry"],"acf":[],"_links":{"self":[{"href":"https:\/\/bridgescout.com\/de\/wp-json\/wp\/v2\/pages\/3","targetHints":{"allow":["GET"]}}],"collection":[{"href":"https:\/\/bridgescout.com\/de\/wp-json\/wp\/v2\/pages"}],"about":[{"href":"https:\/\/bridgescout.com\/de\/wp-json\/wp\/v2\/types\/page"}],"author":[{"embeddable":true,"href":"https:\/\/bridgescout.com\/de\/wp-json\/wp\/v2\/users\/1"}],"replies":[{"embeddable":true,"href":"https:\/\/bridgescout.com\/de\/wp-json\/wp\/v2\/comments?post=3"}],"version-history":[{"count":1,"href":"https:\/\/bridgescout.com\/de\/wp-json\/wp\/v2\/pages\/3\/revisions"}],"predecessor-version":[{"id":601,"href":"https:\/\/bridgescout.com\/de\/wp-json\/wp\/v2\/pages\/3\/revisions\/601"}],"wp:attachment":[{"href":"https:\/\/bridgescout.com\/de\/wp-json\/wp\/v2\/media?parent=3"}],"curies":[{"name":"wp","href":"https:\/\/api.w.org\/{rel}","templated":true}]}}